{"id":2191,"date":"2019-10-29T15:26:41","date_gmt":"2019-10-29T14:26:41","guid":{"rendered":"https:\/\/www.roquecombe.com\/le-domaine\/"},"modified":"2025-01-06T12:58:19","modified_gmt":"2025-01-06T11:58:19","slug":"le-domaine","status":"publish","type":"page","link":"https:\/\/www.roquecombe.com\/de\/le-domaine\/","title":{"rendered":"Le Domaine"},"content":{"rendered":"\n<style type=\"text\/css\" data-created_by=\"avia_inline_auto\" id=\"style-css-av-dkhq0-9d48f782e5893f9dede81f5c931012f7\">\n.avia-section.av-dkhq0-9d48f782e5893f9dede81f5c931012f7{\nbackground-repeat:no-repeat;\nbackground-image:url(https:\/\/www.roquecombe.com\/wp-content\/uploads\/2019\/10\/parallax-domaine.jpg);\nbackground-position:50% 0%;\nbackground-attachment:scroll;\n}\n.avia-section.av-dkhq0-9d48f782e5893f9dede81f5c931012f7 .av-section-color-overlay{\nopacity:0.2;\nbackground-color:#000000;\n}\n<\/style>\n<div id='av_section_1'  class='avia-section av-dkhq0-9d48f782e5893f9dede81f5c931012f7 main_color avia-section-huge avia-no-border-styling  avia-builder-el-0  el_before_av_heading  avia-builder-el-first  avia-full-stretch avia-bg-style-scroll av-section-color-overlay-active container_wrap sidebar_right'  data-section-bg-repeat='stretch'><div class=\"av-section-color-overlay-wrap\"><div class=\"av-section-color-overlay\"><\/div><div class='container av-section-cont-open' ><main  role=\"main\" itemprop=\"mainContentOfPage\"  class='template-page content  av-content-small alpha units'><div class='post-entry post-entry-type-page post-entry-2191'><div class='entry-content-wrapper clearfix'>\n\n<style type=\"text\/css\" data-created_by=\"avia_inline_auto\" id=\"style-css-av-k2by3l1j-73ff095da0c6fa75dbe100264db549fe\">\n#top .av-special-heading.av-k2by3l1j-73ff095da0c6fa75dbe100264db549fe{\npadding-bottom:0;\ncolor:#ffffff;\nfont-size:54px;\n}\nbody .av-special-heading.av-k2by3l1j-73ff095da0c6fa75dbe100264db549fe .av-special-heading-tag .heading-char{\nfont-size:25px;\n}\n#top #wrap_all .av-special-heading.av-k2by3l1j-73ff095da0c6fa75dbe100264db549fe .av-special-heading-tag{\nfont-size:54px;\n}\n.av-special-heading.av-k2by3l1j-73ff095da0c6fa75dbe100264db549fe .special-heading-inner-border{\nborder-color:#ffffff;\n}\n.av-special-heading.av-k2by3l1j-73ff095da0c6fa75dbe100264db549fe .av-subheading{\nfont-size:20px;\n}\n\n@media only screen and (min-width: 480px) and (max-width: 767px){ \n#top #wrap_all .av-special-heading.av-k2by3l1j-73ff095da0c6fa75dbe100264db549fe .av-special-heading-tag{\nfont-size:0.8em;\n}\n}\n\n@media only screen and (max-width: 479px){ \n#top #wrap_all .av-special-heading.av-k2by3l1j-73ff095da0c6fa75dbe100264db549fe .av-special-heading-tag{\nfont-size:0.8em;\n}\n}\n<\/style>\n<div  class='av-special-heading av-k2by3l1j-73ff095da0c6fa75dbe100264db549fe av-special-heading-h3 custom-color-heading blockquote modern-quote modern-centered  avia-builder-el-1  el_before_av_hr  avia-builder-el-first  av-inherit-size av-linked-heading'><h3 class='av-special-heading-tag '  itemprop=\"headline\"  >Das Grundst\u00fcck Roquecombe<\/h3><div class=\"special-heading-border\"><div class=\"special-heading-inner-border\"><\/div><\/div><\/div>\n\n<style type=\"text\/css\" data-created_by=\"avia_inline_auto\" id=\"style-css-av-caxoc-ccfda50d282dcd0192c2792938b67467\">\n#top .hr.av-caxoc-ccfda50d282dcd0192c2792938b67467{\nmargin-top:10px;\nmargin-bottom:0;\n}\n.hr.av-caxoc-ccfda50d282dcd0192c2792938b67467 .hr-inner{\nwidth:15%;\nborder-color:rgba(255,255,255,0.76);\nmax-width:45%;\n}\n.hr.av-caxoc-ccfda50d282dcd0192c2792938b67467 .av-seperator-icon{\ncolor:#ffffff;\n}\n.hr.av-caxoc-ccfda50d282dcd0192c2792938b67467 .av-seperator-icon.avia-svg-icon svg:first-child{\nfill:#ffffff;\nstroke:#ffffff;\n}\n<\/style>\n<div  class='hr av-caxoc-ccfda50d282dcd0192c2792938b67467 hr-custom  avia-builder-el-2  el_after_av_heading  avia-builder-el-last  hr-center hr-icon-yes'><span class='hr-inner inner-border-av-border-thin'><span class=\"hr-inner-style\"><\/span><\/span><span class='av-seperator-icon avia-iconfont avia-font-entypo-fontello' data-av_icon='\ue8b8' data-av_iconfont='entypo-fontello' ><\/span><span class='hr-inner inner-border-av-border-thin'><span class=\"hr-inner-style\"><\/span><\/span><\/div>\n<\/div><\/div><\/main><!-- close content main element --><\/div><\/div><\/div><div id='after_section_1'  class='main_color av_default_container_wrap container_wrap sidebar_right'  ><div class='container av-section-cont-open' ><div class='template-page content  av-content-small alpha units'><div class='post-entry post-entry-type-page post-entry-2191'><div class='entry-content-wrapper clearfix'>\n\n<style type=\"text\/css\" data-created_by=\"avia_inline_auto\" id=\"style-css-av-38520c-98df493b53101c18b08c103ae89466f4\">\n#top .av-special-heading.av-38520c-98df493b53101c18b08c103ae89466f4{\npadding-bottom:0;\ncolor:#f8b013;\nfont-size:38px;\n}\nbody .av-special-heading.av-38520c-98df493b53101c18b08c103ae89466f4 .av-special-heading-tag .heading-char{\nfont-size:25px;\n}\n#top #wrap_all .av-special-heading.av-38520c-98df493b53101c18b08c103ae89466f4 .av-special-heading-tag{\nfont-size:38px;\n}\n.av-special-heading.av-38520c-98df493b53101c18b08c103ae89466f4 .special-heading-inner-border{\nborder-color:#f8b013;\n}\n.av-special-heading.av-38520c-98df493b53101c18b08c103ae89466f4 .av-subheading{\nfont-size:20px;\n}\n\n@media only screen and (min-width: 480px) and (max-width: 767px){ \n#top #wrap_all .av-special-heading.av-38520c-98df493b53101c18b08c103ae89466f4 .av-special-heading-tag{\nfont-size:0.8em;\n}\n}\n\n@media only screen and (max-width: 479px){ \n#top #wrap_all .av-special-heading.av-38520c-98df493b53101c18b08c103ae89466f4 .av-special-heading-tag{\nfont-size:0.8em;\n}\n}\n<\/style>\n<div  class='av-special-heading av-38520c-98df493b53101c18b08c103ae89466f4 av-special-heading-h2 custom-color-heading blockquote modern-quote modern-centered  avia-builder-el-3  el_after_av_section  el_before_av_hr  avia-builder-el-first  av-inherit-size av-linked-heading'><h2 class='av-special-heading-tag '  itemprop=\"headline\"  >\u00ab Weit weg von allem&#8230; und doch so nah dran ! \u00bb<\/h2><div class='av_custom_color av-subheading av-subheading_below'><p><span style=\"color: #9c9c9c;\">Mit diesen Worten erkl\u00e4rte uns einer unserer G\u00e4ste, warum er Jahr f\u00fcr Jahr wiederkam !<\/span><\/p>\n<\/div><div class=\"special-heading-border\"><div class=\"special-heading-inner-border\"><\/div><\/div><\/div>\n\n<style type=\"text\/css\" data-created_by=\"avia_inline_auto\" id=\"style-css-av-k24s1n19-0538dae5e3976a0609eb783a05b1f8c7\">\n#top .hr.hr-invisible.av-k24s1n19-0538dae5e3976a0609eb783a05b1f8c7{\nheight:20px;\n}\n<\/style>\n<div  class='hr av-k24s1n19-0538dae5e3976a0609eb783a05b1f8c7 hr-invisible  avia-builder-el-4  el_after_av_heading  el_before_av_one_third '><span class='hr-inner '><span class=\"hr-inner-style\"><\/span><\/span><\/div>\n\n<style type=\"text\/css\" data-created_by=\"avia_inline_auto\" id=\"style-css-av-24p36k-9eefb0c2727316962631c68436cf6e6d\">\n.flex_column.av-24p36k-9eefb0c2727316962631c68436cf6e6d{\nborder-radius:0px 0px 0px 0px;\npadding:0px 0px 0px 0px;\n}\n<\/style>\n<div  class='flex_column av-24p36k-9eefb0c2727316962631c68436cf6e6d av_one_third  avia-builder-el-5  el_after_av_hr  el_before_av_two_third  first flex_column_div av-zero-column-padding  '     ><section  class='av_textblock_section av-k24jbemv-31c2526a6109a0b15d454e820bb96415 '   itemscope=\"itemscope\" itemtype=\"https:\/\/schema.org\/CreativeWork\" ><div class='avia_textblock'  itemprop=\"text\" ><p>Gehen Sie durch das Tor &#8230; und entdecken Sie die \u201eCombe\u201c: ein kleines grasbewachsenes Tal, in dem sich oft Kinder treffen und um das herum die H\u00e4user verteilt sind, unabh\u00e4ngig und 50 Meter voneinander entfernt.<\/p>\n<p>An diesem Ort der Ruhe spielen Kinder in v\u00f6lliger Sicherheit: Der Eingang zum Anwesen, der \u00fcber eine kleine Landstra\u00dfe erreichbar ist, ist sehr weit von den H\u00e4usern entfernt.<\/p>\n<p>Mehrere Pfade f\u00fchren durch die 6 Hektar Wald, die den Kamm umgeben.<\/p>\n<p>Sie gehen Pilze sammeln (die Gegend ist ber\u00fchmt!) oder entdecken das Tipi und die Steinh\u00fctten, die einst von den Hirten benutzt wurden.<\/p>\n<p>Wenn Sie die Spitze des H\u00fcgels erreichen, erreichen Sie einen Pfad, der in 40 Minuten nach La Roque Gageac f\u00fchrt.<\/p>\n<\/div><\/section><\/div>\n\n<style type=\"text\/css\" data-created_by=\"avia_inline_auto\" id=\"style-css-av-jnvcq4-538671668a860592423623b1db92858f\">\n.flex_column.av-jnvcq4-538671668a860592423623b1db92858f{\nborder-radius:0px 0px 0px 0px;\npadding:0px 0px 0px 0px;\n}\n<\/style>\n<div  class='flex_column av-jnvcq4-538671668a860592423623b1db92858f av_two_third  avia-builder-el-7  el_after_av_one_third  el_before_av_hr  flex_column_div av-zero-column-padding  '     ><div  class='avia-slideshow av-k2bzuemt-785265c5737a56147c241463af1fe3bd avia-slideshow-no scaling av_slideshow avia-fade-slider  avia-builder-el-8  avia-builder-el-no-sibling  av-slideshow-ui av-control-default av-slideshow-autoplay av-loop-endless av-loop-manual-endless av-default-height-applied avia-slideshow-1' data-slideshow-options=\"{&quot;animation&quot;:&quot;fade&quot;,&quot;autoplay&quot;:true,&quot;loop_autoplay&quot;:&quot;endless&quot;,&quot;interval&quot;:4,&quot;loop_manual&quot;:&quot;manual-endless&quot;,&quot;autoplay_stopper&quot;:false,&quot;noNavigation&quot;:false,&quot;bg_slider&quot;:false,&quot;keep_padding&quot;:false,&quot;hoverpause&quot;:false,&quot;show_slide_delay&quot;:0}\"  itemprop=\"image\" itemscope=\"itemscope\" itemtype=\"https:\/\/schema.org\/ImageObject\" ><ul class='avia-slideshow-inner ' style='padding-bottom: 66.3%;'><li  class='avia-slideshow-slide av-k2bzuemt-785265c5737a56147c241463af1fe3bd__0  slide-1 slide-odd'><div data-rel='slideshow-1' class='avia-slide-wrap '   ><img decoding=\"async\" fetchpriority=\"high\" class=\"wp-image-2097 avia-img-lazy-loading-not-2097\"  src=\"https:\/\/www.roquecombe.com\/wp-content\/uploads\/2019\/10\/galerie-domaine-08.jpg\" width=\"1000\" height=\"663\" title='galerie-domaine-08' alt=''  itemprop=\"thumbnailUrl\" srcset=\"https:\/\/www.roquecombe.com\/wp-content\/uploads\/2019\/10\/galerie-domaine-08.jpg 1000w, https:\/\/www.roquecombe.com\/wp-content\/uploads\/2019\/10\/galerie-domaine-08-300x199.jpg 300w, https:\/\/www.roquecombe.com\/wp-content\/uploads\/2019\/10\/galerie-domaine-08-768x509.jpg 768w, https:\/\/www.roquecombe.com\/wp-content\/uploads\/2019\/10\/galerie-domaine-08-705x467.jpg 705w\" sizes=\"(max-width: 1000px) 100vw, 1000px\" \/><\/div><\/li><li  class='avia-slideshow-slide av-k2bzuemt-785265c5737a56147c241463af1fe3bd__1  slide-2 slide-even'><div data-rel='slideshow-1' class='avia-slide-wrap '   ><img decoding=\"async\" fetchpriority=\"high\" class=\"wp-image-2099 avia-img-lazy-loading-not-2099\"  src=\"https:\/\/www.roquecombe.com\/wp-content\/uploads\/2019\/10\/galerie-domaine-05.jpg\" width=\"1000\" height=\"663\" title='galerie-domaine-05' alt=''  itemprop=\"thumbnailUrl\" srcset=\"https:\/\/www.roquecombe.com\/wp-content\/uploads\/2019\/10\/galerie-domaine-05.jpg 1000w, https:\/\/www.roquecombe.com\/wp-content\/uploads\/2019\/10\/galerie-domaine-05-300x199.jpg 300w, https:\/\/www.roquecombe.com\/wp-content\/uploads\/2019\/10\/galerie-domaine-05-768x509.jpg 768w, https:\/\/www.roquecombe.com\/wp-content\/uploads\/2019\/10\/galerie-domaine-05-705x467.jpg 705w\" sizes=\"(max-width: 1000px) 100vw, 1000px\" \/><\/div><\/li><li  class='avia-slideshow-slide av-k2bzuemt-785265c5737a56147c241463af1fe3bd__2  slide-3 slide-odd'><div data-rel='slideshow-1' class='avia-slide-wrap '   ><img decoding=\"async\" fetchpriority=\"high\" class=\"wp-image-2100 avia-img-lazy-loading-not-2100\"  src=\"https:\/\/www.roquecombe.com\/wp-content\/uploads\/2019\/10\/galerie-domaine-06.jpg\" width=\"1000\" height=\"663\" title='galerie-domaine-06' alt=''  itemprop=\"thumbnailUrl\" srcset=\"https:\/\/www.roquecombe.com\/wp-content\/uploads\/2019\/10\/galerie-domaine-06.jpg 1000w, https:\/\/www.roquecombe.com\/wp-content\/uploads\/2019\/10\/galerie-domaine-06-300x199.jpg 300w, https:\/\/www.roquecombe.com\/wp-content\/uploads\/2019\/10\/galerie-domaine-06-768x509.jpg 768w, https:\/\/www.roquecombe.com\/wp-content\/uploads\/2019\/10\/galerie-domaine-06-705x467.jpg 705w\" sizes=\"(max-width: 1000px) 100vw, 1000px\" \/><\/div><\/li><li  class='avia-slideshow-slide av-k2bzuemt-785265c5737a56147c241463af1fe3bd__3  slide-4 slide-even'><div data-rel='slideshow-1' class='avia-slide-wrap '   ><img decoding=\"async\" fetchpriority=\"high\" class=\"wp-image-2102 avia-img-lazy-loading-not-2102\"  src=\"https:\/\/www.roquecombe.com\/wp-content\/uploads\/2019\/10\/galerie-domaine-04.jpg\" width=\"1000\" height=\"663\" title='galerie-domaine-04' alt=''  itemprop=\"thumbnailUrl\" srcset=\"https:\/\/www.roquecombe.com\/wp-content\/uploads\/2019\/10\/galerie-domaine-04.jpg 1000w, https:\/\/www.roquecombe.com\/wp-content\/uploads\/2019\/10\/galerie-domaine-04-300x199.jpg 300w, https:\/\/www.roquecombe.com\/wp-content\/uploads\/2019\/10\/galerie-domaine-04-768x509.jpg 768w, https:\/\/www.roquecombe.com\/wp-content\/uploads\/2019\/10\/galerie-domaine-04-705x467.jpg 705w\" sizes=\"(max-width: 1000px) 100vw, 1000px\" \/><\/div><\/li><li  class='avia-slideshow-slide av-k2bzuemt-785265c5737a56147c241463af1fe3bd__4  slide-5 slide-odd'><div data-rel='slideshow-1' class='avia-slide-wrap '   ><img decoding=\"async\" fetchpriority=\"high\" class=\"wp-image-2098 avia-img-lazy-loading-not-2098\"  src=\"https:\/\/www.roquecombe.com\/wp-content\/uploads\/2019\/10\/galerie-domaine-07.jpg\" width=\"1000\" height=\"663\" title='galerie-domaine-07' alt=''  itemprop=\"thumbnailUrl\" srcset=\"https:\/\/www.roquecombe.com\/wp-content\/uploads\/2019\/10\/galerie-domaine-07.jpg 1000w, https:\/\/www.roquecombe.com\/wp-content\/uploads\/2019\/10\/galerie-domaine-07-300x199.jpg 300w, https:\/\/www.roquecombe.com\/wp-content\/uploads\/2019\/10\/galerie-domaine-07-768x509.jpg 768w, https:\/\/www.roquecombe.com\/wp-content\/uploads\/2019\/10\/galerie-domaine-07-705x467.jpg 705w\" sizes=\"(max-width: 1000px) 100vw, 1000px\" \/><\/div><\/li><li  class='avia-slideshow-slide av-k2bzuemt-785265c5737a56147c241463af1fe3bd__5  slide-6 slide-even'><div data-rel='slideshow-1' class='avia-slide-wrap '   ><img decoding=\"async\" fetchpriority=\"high\" class=\"wp-image-2101 avia-img-lazy-loading-not-2101\"  src=\"https:\/\/www.roquecombe.com\/wp-content\/uploads\/2019\/10\/galerie-domaine-03.jpg\" width=\"1000\" height=\"663\" title='galerie-domaine-03' alt=''  itemprop=\"thumbnailUrl\" srcset=\"https:\/\/www.roquecombe.com\/wp-content\/uploads\/2019\/10\/galerie-domaine-03.jpg 1000w, https:\/\/www.roquecombe.com\/wp-content\/uploads\/2019\/10\/galerie-domaine-03-300x199.jpg 300w, https:\/\/www.roquecombe.com\/wp-content\/uploads\/2019\/10\/galerie-domaine-03-768x509.jpg 768w, https:\/\/www.roquecombe.com\/wp-content\/uploads\/2019\/10\/galerie-domaine-03-705x467.jpg 705w\" sizes=\"(max-width: 1000px) 100vw, 1000px\" \/><\/div><\/li><li  class='avia-slideshow-slide av-k2bzuemt-785265c5737a56147c241463af1fe3bd__6  slide-7 slide-odd'><div data-rel='slideshow-1' class='avia-slide-wrap '   ><img decoding=\"async\" fetchpriority=\"high\" class=\"wp-image-2103 avia-img-lazy-loading-not-2103\"  src=\"https:\/\/www.roquecombe.com\/wp-content\/uploads\/2019\/10\/galerie-domaine-01.jpg\" width=\"1000\" height=\"663\" title='galerie-domaine-01' alt=''  itemprop=\"thumbnailUrl\" srcset=\"https:\/\/www.roquecombe.com\/wp-content\/uploads\/2019\/10\/galerie-domaine-01.jpg 1000w, https:\/\/www.roquecombe.com\/wp-content\/uploads\/2019\/10\/galerie-domaine-01-300x199.jpg 300w, https:\/\/www.roquecombe.com\/wp-content\/uploads\/2019\/10\/galerie-domaine-01-768x509.jpg 768w, https:\/\/www.roquecombe.com\/wp-content\/uploads\/2019\/10\/galerie-domaine-01-705x467.jpg 705w\" sizes=\"(max-width: 1000px) 100vw, 1000px\" \/><\/div><\/li><li  class='avia-slideshow-slide av-k2bzuemt-785265c5737a56147c241463af1fe3bd__7  slide-8 slide-even'><div data-rel='slideshow-1' class='avia-slide-wrap '   ><img decoding=\"async\" fetchpriority=\"high\" class=\"wp-image-2104 avia-img-lazy-loading-not-2104\"  src=\"https:\/\/www.roquecombe.com\/wp-content\/uploads\/2019\/10\/galerie-domaine-02.jpg\" width=\"1000\" height=\"663\" title='galerie-domaine-02' alt=''  itemprop=\"thumbnailUrl\" srcset=\"https:\/\/www.roquecombe.com\/wp-content\/uploads\/2019\/10\/galerie-domaine-02.jpg 1000w, https:\/\/www.roquecombe.com\/wp-content\/uploads\/2019\/10\/galerie-domaine-02-300x199.jpg 300w, https:\/\/www.roquecombe.com\/wp-content\/uploads\/2019\/10\/galerie-domaine-02-768x509.jpg 768w, https:\/\/www.roquecombe.com\/wp-content\/uploads\/2019\/10\/galerie-domaine-02-705x467.jpg 705w\" sizes=\"(max-width: 1000px) 100vw, 1000px\" \/><\/div><\/li><\/ul><div class='avia-slideshow-arrows avia-slideshow-controls' ><a href='#prev' class='prev-slide  avia-svg-icon avia-font-svg_entypo-fontello' data-av_svg_icon='left-open-big' data-av_iconset='svg_entypo-fontello' tabindex='-1' title=\"Zur\u00fcck\"><svg version=\"1.1\" xmlns=\"http:\/\/www.w3.org\/2000\/svg\" width=\"15\" height=\"32\" viewBox=\"0 0 15 32\" preserveAspectRatio=\"xMidYMid meet\" aria-labelledby='av-svg-title-1' aria-describedby='av-svg-desc-1' role=\"graphics-symbol\" aria-hidden=\"true\">\n<title id='av-svg-title-1'>Zur\u00fcck<\/title>\n<desc id='av-svg-desc-1'>Zur\u00fcck<\/desc>\n<path d=\"M14.464 27.84q0.832 0.832 0 1.536-0.832 0.832-1.536 0l-12.544-12.608q-0.768-0.768 0-1.6l12.544-12.608q0.704-0.832 1.536 0 0.832 0.704 0 1.536l-11.456 11.904z\"><\/path>\n<\/svg><span class='avia_hidden_link_text'>Zur\u00fcck<\/span><\/a><a href='#next' class='next-slide  avia-svg-icon avia-font-svg_entypo-fontello' data-av_svg_icon='right-open-big' data-av_iconset='svg_entypo-fontello' tabindex='-1' title=\"Weiter\"><svg version=\"1.1\" xmlns=\"http:\/\/www.w3.org\/2000\/svg\" width=\"15\" height=\"32\" viewBox=\"0 0 15 32\" preserveAspectRatio=\"xMidYMid meet\" aria-labelledby='av-svg-title-2' aria-describedby='av-svg-desc-2' role=\"graphics-symbol\" aria-hidden=\"true\">\n<title id='av-svg-title-2'>Weiter<\/title>\n<desc id='av-svg-desc-2'>Weiter<\/desc>\n<path d=\"M0.416 27.84l11.456-11.84-11.456-11.904q-0.832-0.832 0-1.536 0.832-0.832 1.536 0l12.544 12.608q0.768 0.832 0 1.6l-12.544 12.608q-0.704 0.832-1.536 0-0.832-0.704 0-1.536z\"><\/path>\n<\/svg><span class='avia_hidden_link_text'>Weiter<\/span><\/a><\/div><div class='avia-slideshow-dots avia-slideshow-controls'><a href='#1' class='goto-slide active' >1<\/a><a href='#2' class='goto-slide ' >2<\/a><a href='#3' class='goto-slide ' >3<\/a><a href='#4' class='goto-slide ' >4<\/a><a href='#5' class='goto-slide ' >5<\/a><a href='#6' class='goto-slide ' >6<\/a><a href='#7' class='goto-slide ' >7<\/a><a href='#8' class='goto-slide ' >8<\/a><\/div><\/div><\/div>\n\n<style type=\"text\/css\" data-created_by=\"avia_inline_auto\" id=\"style-css-av-k24s1n19-0538dae5e3976a0609eb783a05b1f8c7\">\n#top .hr.hr-invisible.av-k24s1n19-0538dae5e3976a0609eb783a05b1f8c7{\nheight:20px;\n}\n<\/style>\n<div  class='hr av-k24s1n19-0538dae5e3976a0609eb783a05b1f8c7 hr-invisible  avia-builder-el-9  el_after_av_two_third  el_before_av_section  avia-builder-el-last '><span class='hr-inner '><span class=\"hr-inner-style\"><\/span><\/span><\/div>\n<\/div><\/div><\/div><!-- close content main div --><\/div><\/div>\n<style type=\"text\/css\" data-created_by=\"avia_inline_auto\" id=\"style-css-av-k2bzkjyq-2f6c676ad1f335474817cfdb367e1e7f\">\n.avia-section.av-k2bzkjyq-2f6c676ad1f335474817cfdb367e1e7f .av-parallax .av-parallax-inner{\nbackground-repeat:no-repeat;\nbackground-image:url(https:\/\/www.roquecombe.com\/wp-content\/uploads\/2019\/10\/parallax-aerienne-roquecombe.jpg);\nbackground-position:50% 100%;\nbackground-attachment:scroll;\n}\n<\/style>\n<div id='av_section_2'  class='avia-section av-k2bzkjyq-2f6c676ad1f335474817cfdb367e1e7f main_color avia-section-default avia-no-border-styling  avia-builder-el-10  el_after_av_hr  el_before_av_section  av-parallax-section avia-bg-style-parallax av-minimum-height av-minimum-height-custom av-height-custom  container_wrap sidebar_right'  data-section-bg-repeat='no-repeat' data-av_minimum_height_px='450'><div class='av-parallax' data-avia-parallax-ratio='0.3' ><div class='av-parallax-inner main_color avia-full-stretch'><\/div><\/div><div class='container av-section-cont-open' style='height:450px'><div class='template-page content  av-content-small alpha units'><div class='post-entry post-entry-type-page post-entry-2191'><div class='entry-content-wrapper clearfix'>\n<\/div><\/div><\/div><!-- close content main div --><\/div><\/div>\n<style type=\"text\/css\" data-created_by=\"avia_inline_auto\" id=\"style-css-av-k2bz91f0-f56444e9b3d9d76bade25beaac67e32f\">\n.avia-section.av-k2bz91f0-f56444e9b3d9d76bade25beaac67e32f{\nbackground-color:#ffffff;\nbackground-image:unset;\nmargin-top:20px;\nmargin-bottom:20px;\n}\n<\/style>\n<div id='av_section_3'  class='avia-section av-k2bz91f0-f56444e9b3d9d76bade25beaac67e32f main_color avia-section-default avia-no-border-styling  avia-builder-el-11  el_after_av_section  avia-builder-el-last  avia-bg-style-scroll container_wrap sidebar_right'  ><div class='container av-section-cont-open' ><div class='template-page content  av-content-small alpha units'><div class='post-entry post-entry-type-page post-entry-2191'><div class='entry-content-wrapper clearfix'>\n\n<style type=\"text\/css\" data-created_by=\"avia_inline_auto\" id=\"style-css-av-4fyruk-4f31dc3190ed2d24ebd377619bbe6d5a\">\n.flex_column.av-4fyruk-4f31dc3190ed2d24ebd377619bbe6d5a{\nborder-radius:0px 0px 0px 0px;\npadding:0px 0px 0px 0px;\n}\n<\/style>\n<div  class='flex_column av-4fyruk-4f31dc3190ed2d24ebd377619bbe6d5a av_one_third  avia-builder-el-12  el_before_av_two_third  avia-builder-el-first  first flex_column_div av-zero-column-padding  '     ><section  class='av_textblock_section av-k24jbemv-31c2526a6109a0b15d454e820bb96415 '   itemscope=\"itemscope\" itemtype=\"https:\/\/schema.org\/CreativeWork\" ><div class='avia_textblock'  itemprop=\"text\" ><h3>Der Pool<\/h3>\n<p>Dieses Jahr von Mai bis Oktober ge\u00f6ffnet, er ist gro\u00df und seine Tiefe ist f\u00fcr jeden geeignet (11,3 m x 5,3 m \u2013 Tiefe: 0,9 m bis 2,5 m).<\/p>\n<p>Es ist windgesch\u00fctzt, eingez\u00e4unt und zur Sicherheit der Kinder abgeschlossen.<\/p>\n<\/div><\/section><br \/>\n\n<style type=\"text\/css\" data-created_by=\"avia_inline_auto\" id=\"style-css-av-k2bz7gpi-27a6c6f94ec0715da61c13797473279e\">\n.avia-image-container.av-k2bz7gpi-27a6c6f94ec0715da61c13797473279e img.avia_image{\nbox-shadow:none;\n}\n.avia-image-container.av-k2bz7gpi-27a6c6f94ec0715da61c13797473279e .av-image-caption-overlay-center{\ncolor:#ffffff;\n}\n<\/style>\n<div  class='avia-image-container av-k2bz7gpi-27a6c6f94ec0715da61c13797473279e av-styling- avia-align-center  avia-builder-el-14  el_after_av_textblock  avia-builder-el-last '   itemprop=\"image\" itemscope=\"itemscope\" itemtype=\"https:\/\/schema.org\/ImageObject\" ><div class=\"avia-image-container-inner\"><div class=\"avia-image-overlay-wrap\"><img decoding=\"async\" fetchpriority=\"high\" class='wp-image-2086 avia-img-lazy-loading-not-2086 avia_image ' src=\"https:\/\/www.roquecombe.com\/wp-content\/uploads\/2019\/10\/piscine-enfants-carree.jpg\" alt='' title='piscine-enfants-carree'  height=\"662\" width=\"662\"  itemprop=\"thumbnailUrl\" srcset=\"https:\/\/www.roquecombe.com\/wp-content\/uploads\/2019\/10\/piscine-enfants-carree.jpg 662w, https:\/\/www.roquecombe.com\/wp-content\/uploads\/2019\/10\/piscine-enfants-carree-80x80.jpg 80w, https:\/\/www.roquecombe.com\/wp-content\/uploads\/2019\/10\/piscine-enfants-carree-300x300.jpg 300w, https:\/\/www.roquecombe.com\/wp-content\/uploads\/2019\/10\/piscine-enfants-carree-36x36.jpg 36w, https:\/\/www.roquecombe.com\/wp-content\/uploads\/2019\/10\/piscine-enfants-carree-180x180.jpg 180w\" sizes=\"(max-width: 662px) 100vw, 662px\" \/><\/div><\/div><\/div><\/p><\/div>\n<style type=\"text\/css\" data-created_by=\"avia_inline_auto\" id=\"style-css-av-89iws-7ac8571cc535d621295d3ea794a0af50\">\n.flex_column.av-89iws-7ac8571cc535d621295d3ea794a0af50{\nborder-radius:0px 0px 0px 0px;\npadding:0px 0px 0px 0px;\n}\n<\/style>\n<div  class='flex_column av-89iws-7ac8571cc535d621295d3ea794a0af50 av_two_third  avia-builder-el-15  el_after_av_one_third  avia-builder-el-last  flex_column_div av-zero-column-padding  '     ><style type=\"text\/css\" data-created_by=\"avia_inline_auto\" id=\"style-css-av-k2bz7gpi-9468edab8d12088eb75f92391b97ea92\">\n.avia-image-container.av-k2bz7gpi-9468edab8d12088eb75f92391b97ea92 img.avia_image{\nbox-shadow:none;\n}\n.avia-image-container.av-k2bz7gpi-9468edab8d12088eb75f92391b97ea92 .av-image-caption-overlay-center{\ncolor:#ffffff;\n}\n<\/style>\n<div  class='avia-image-container av-k2bz7gpi-9468edab8d12088eb75f92391b97ea92 av-styling- avia-align-center  avia-builder-el-16  avia-builder-el-no-sibling '   itemprop=\"image\" itemscope=\"itemscope\" itemtype=\"https:\/\/schema.org\/ImageObject\" ><div class=\"avia-image-container-inner\"><div class=\"avia-image-overlay-wrap\"><img decoding=\"async\" fetchpriority=\"high\" class='wp-image-2083 avia-img-lazy-loading-not-2083 avia_image ' src=\"https:\/\/www.roquecombe.com\/wp-content\/uploads\/2019\/10\/dsc6100.jpg\" alt='' title='_dsc6100'  height=\"662\" width=\"1000\"  itemprop=\"thumbnailUrl\" srcset=\"https:\/\/www.roquecombe.com\/wp-content\/uploads\/2019\/10\/dsc6100.jpg 1000w, https:\/\/www.roquecombe.com\/wp-content\/uploads\/2019\/10\/dsc6100-300x199.jpg 300w, https:\/\/www.roquecombe.com\/wp-content\/uploads\/2019\/10\/dsc6100-768x508.jpg 768w, https:\/\/www.roquecombe.com\/wp-content\/uploads\/2019\/10\/dsc6100-705x467.jpg 705w\" sizes=\"(max-width: 1000px) 100vw, 1000px\" \/><\/div><\/div><\/div><\/div>\n<\/div><\/div><\/div><!-- close content main div --><\/div><\/div><div id='after_section_3'  class='main_color av_default_container_wrap container_wrap sidebar_right'  ><div class='container av-section-cont-open' ><div class='template-page content  av-content-small alpha units'><div class='post-entry post-entry-type-page post-entry-2191'><div class='entry-content-wrapper clearfix'>\n","protected":false},"excerpt":{"rendered":"","protected":false},"author":1,"featured_media":0,"parent":0,"menu_order":0,"comment_status":"closed","ping_status":"closed","template":"","meta":{"footnotes":""},"class_list":["post-2191","page","type-page","status-publish","hentry"],"_links":{"self":[{"href":"https:\/\/www.roquecombe.com\/de\/wp-json\/wp\/v2\/pages\/2191","targetHints":{"allow":["GET"]}}],"collection":[{"href":"https:\/\/www.roquecombe.com\/de\/wp-json\/wp\/v2\/pages"}],"about":[{"href":"https:\/\/www.roquecombe.com\/de\/wp-json\/wp\/v2\/types\/page"}],"author":[{"embeddable":true,"href":"https:\/\/www.roquecombe.com\/de\/wp-json\/wp\/v2\/users\/1"}],"replies":[{"embeddable":true,"href":"https:\/\/www.roquecombe.com\/de\/wp-json\/wp\/v2\/comments?post=2191"}],"version-history":[{"count":0,"href":"https:\/\/www.roquecombe.com\/de\/wp-json\/wp\/v2\/pages\/2191\/revisions"}],"wp:attachment":[{"href":"https:\/\/www.roquecombe.com\/de\/wp-json\/wp\/v2\/media?parent=2191"}],"curies":[{"name":"wp","href":"https:\/\/api.w.org\/{rel}","templated":true}]}}