{"id":2213,"date":"2019-10-28T14:51:32","date_gmt":"2019-10-28T13:51:32","guid":{"rendered":"https:\/\/www.roquecombe.com\/tarifs\/"},"modified":"2025-01-06T12:38:45","modified_gmt":"2025-01-06T11:38:45","slug":"tarifs","status":"publish","type":"page","link":"https:\/\/www.roquecombe.com\/de\/tarifs\/","title":{"rendered":"Tarifs"},"content":{"rendered":"\n<style type=\"text\/css\" data-created_by=\"avia_inline_auto\" id=\"style-css-av-2j6ek-dfbff636ce1bf3ec0a596e14305514fb\">\n.flex_column.av-2j6ek-dfbff636ce1bf3ec0a596e14305514fb{\nborder-radius:0px 0px 0px 0px;\npadding:0px 0px 0px 0px;\n}\n<\/style>\n<div  class='flex_column av-2j6ek-dfbff636ce1bf3ec0a596e14305514fb av_one_full  avia-builder-el-0  el_before_av_hr  avia-builder-el-first  first flex_column_div av-zero-column-padding  '     ><p>\n<style type=\"text\/css\" data-created_by=\"avia_inline_auto\" id=\"style-css-av-kxyua5jt-ba83c26f88854d0d4215617cc6a9ffa4\">\n#top .av-special-heading.av-kxyua5jt-ba83c26f88854d0d4215617cc6a9ffa4{\npadding-bottom:0;\nfont-size:40px;\n}\nbody .av-special-heading.av-kxyua5jt-ba83c26f88854d0d4215617cc6a9ffa4 .av-special-heading-tag .heading-char{\nfont-size:25px;\n}\n#top #wrap_all .av-special-heading.av-kxyua5jt-ba83c26f88854d0d4215617cc6a9ffa4 .av-special-heading-tag{\nfont-size:40px;\n}\n.av-special-heading.av-kxyua5jt-ba83c26f88854d0d4215617cc6a9ffa4 .av-subheading{\nfont-size:24px;\n}\n\n@media only screen and (min-width: 480px) and (max-width: 767px){ \n#top #wrap_all .av-special-heading.av-kxyua5jt-ba83c26f88854d0d4215617cc6a9ffa4 .av-special-heading-tag{\nfont-size:0.8em;\n}\n}\n\n@media only screen and (max-width: 479px){ \n#top #wrap_all .av-special-heading.av-kxyua5jt-ba83c26f88854d0d4215617cc6a9ffa4 .av-special-heading-tag{\nfont-size:0.8em;\n}\n}\n<\/style>\n<div  class='av-special-heading av-kxyua5jt-ba83c26f88854d0d4215617cc6a9ffa4 av-special-heading-h2 blockquote modern-quote  avia-builder-el-1  el_before_av_hr  avia-builder-el-first  av-inherit-size av-linked-heading'><h2 class='av-special-heading-tag '  itemprop=\"headline\"  >Preise 2025<\/h2><div class=\"special-heading-border\"><div class=\"special-heading-inner-border\"><\/div><\/div><\/div><br \/>\n\n<style type=\"text\/css\" data-created_by=\"avia_inline_auto\" id=\"style-css-av-k2ai6zou-ff9eb4e7bb46d404ca6ce6122749a32b\">\n#top .hr.hr-invisible.av-k2ai6zou-ff9eb4e7bb46d404ca6ce6122749a32b{\nheight:20px;\n}\n<\/style>\n<div  class='hr av-k2ai6zou-ff9eb4e7bb46d404ca6ce6122749a32b hr-invisible  avia-builder-el-2  el_after_av_heading  el_before_av_textblock '><span class='hr-inner '><span class=\"hr-inner-style\"><\/span><\/span><\/div><br \/>\n<section  class='av_textblock_section av-k24jbemv-31c2526a6109a0b15d454e820bb96415 '   itemscope=\"itemscope\" itemtype=\"https:\/\/schema.org\/CreativeWork\" ><div class='avia_textblock'  itemprop=\"text\" ><p><div id=\"tablepress-5-scroll-wrapper\" class=\"tablepress-scroll-wrapper\">\n\n<table id=\"tablepress-5\" class=\"tablepress tablepress-id-5 tablepress-responsive tbody-has-connected-cells\">\n<tbody class=\"row-striping\">\n<tr class=\"row-1\">\n\t<td class=\"column-1\">W\u00f6chentliche Miete 2025<br \/>\nVon Samstag bis Samstag<\/td><td class=\"column-2\"><strong>L'Oustalou<\/strong><br \/>\n4 pers.<\/td><td class=\"column-3\"><strong>La Bergerie<\/strong><br \/>\n4\/5 pers.<\/td><td class=\"column-4\"><strong>Le Pigeonnier<\/strong><br \/>\n4\/7 pers.<\/td><td class=\"column-5\"><strong>La Ch\u00eanaie<\/strong><br \/>\n8 pers.<\/td>\n<\/tr>\n<tr class=\"row-2\">\n\t<td class=\"column-1\"><strong>05  April  bis 04 Juli<\/strong><\/td><td class=\"column-2\">600 \u20ac<\/td><td class=\"column-3\">700 \u20ac<\/td><td class=\"column-4\">900\u20ac<\/td><td class=\"column-5\">1100 \u20ac<\/td>\n<\/tr>\n<tr class=\"row-3\">\n\t<td class=\"column-1\"><strong>05 Juli bis 29 August<\/strong><\/td><td class=\"column-2\">900 \u20ac<\/td><td class=\"column-3\">1200 \u20ac<\/td><td class=\"column-4\">1300 \u20ac<\/td><td class=\"column-5\">1800 \u20ac<\/td>\n<\/tr>\n<tr class=\"row-4\">\n\t<td class=\"column-1\"><strong>30 August bis 25 Oktober<\/strong><\/td><td class=\"column-2\">600 \u20ac<\/td><td class=\"column-3\">700 \u20ac<\/td><td class=\"column-4\">900 \u20ac<\/td><td class=\"column-5\">1100 \u20ac<\/td>\n<\/tr>\n<tr class=\"row-5\">\n\t<td colspan=\"5\" class=\"column-1\"><strong>Erm\u00e4\u00dfigung 5% f\u00fcr 2 Wochen, 10% f\u00fcr 3 Wochen <\/strong><\/td>\n<\/tr>\n<tr class=\"row-6\">\n\t<td colspan=\"5\" class=\"column-1\"><em>Verf\u00fcgbarkeit sowie Preise f\u00fcr k\u00fcrzere Aufenthalte bitte erfragen<\/em><\/td>\n<\/tr>\n<\/tbody>\n<\/table>\n\n<\/div><!-- #tablepress-5 from cache --><br \/>\n<div id=\"tablepress-6-scroll-wrapper\" class=\"tablepress-scroll-wrapper\">\n\n<table id=\"tablepress-6\" class=\"tablepress tablepress-id-6 tablepress-responsive tbody-has-connected-cells\">\n<tbody class=\"row-striping\">\n<tr class=\"row-1\">\n\t<td class=\"column-1\">Zusatzleistungen<\/td><td class=\"column-2\"><\/td><td class=\"column-3\"><\/td><td class=\"column-4\"><\/td><td class=\"column-5\"><\/td>\n<\/tr>\n<tr class=\"row-2\">\n\t<td class=\"column-1\"><strong>Endreinigung<\/strong><\/td><td class=\"column-2\">45 \u20ac<\/td><td class=\"column-3\">55 \u20ac<\/td><td class=\"column-4\">70 \u20ac<\/td><td class=\"column-5\">80 \u20ac<\/td>\n<\/tr>\n<tr class=\"row-3\">\n\t<td class=\"column-1\"><strong>Nebenkosten<\/strong><\/td><td class=\"column-2\">Inklusive<\/td><td class=\"column-3\">Inklusive<\/td><td class=\"column-4\">Inklusive<\/td><td class=\"column-5\">Inklusive<\/td>\n<\/tr>\n<tr class=\"row-4\">\n\t<td class=\"column-1\"><strong>W\u00e4sche auf Wunsch<\/strong> (Preis pro Aufenthalt &amp; pro Person)<br \/>\nBettw\u00e4sche, Handt\u00fccher, <br \/>\nGeschirrt\u00fccher, Tischw\u00e4sche<\/td><td class=\"column-2\">20 \u20ac<\/td><td class=\"column-3\">20 \u20ac<\/td><td class=\"column-4\">20 \u20ac<\/td><td class=\"column-5\">20 \u20ac<\/td>\n<\/tr>\n<tr class=\"row-5\">\n\t<td colspan=\"5\" class=\"column-1\"><em>Zahlung per \u00dcberweisung oder in Bar<\/em><\/td>\n<\/tr>\n<\/tbody>\n<\/table>\n\n<\/div><!-- #tablepress-6 from cache --><\/p>\n<\/div><\/section><br \/>\n\n<style type=\"text\/css\" data-created_by=\"avia_inline_auto\" id=\"style-css-av-k2ahni04-ac6b98f8a2d0b723ddcedd1836a94583\">\n.avia-image-container.av-k2ahni04-ac6b98f8a2d0b723ddcedd1836a94583 img.avia_image{\nbox-shadow:none;\n}\n.avia-image-container.av-k2ahni04-ac6b98f8a2d0b723ddcedd1836a94583 .av-image-caption-overlay-center{\ncolor:#ffffff;\n}\n<\/style>\n<div  class='avia-image-container av-k2ahni04-ac6b98f8a2d0b723ddcedd1836a94583 av-styling- avia-align-center  avia-builder-el-4  el_after_av_textblock  avia-builder-el-last '   itemprop=\"image\" itemscope=\"itemscope\" itemtype=\"https:\/\/schema.org\/ImageObject\" ><div class=\"avia-image-container-inner\"><div class=\"avia-image-overlay-wrap\"><img decoding=\"async\" fetchpriority=\"high\" class='wp-image-2064 avia-img-lazy-loading-not-2064 avia_image ' src=\"https:\/\/www.roquecombe.com\/wp-content\/uploads\/2019\/10\/IMG_1278.jpg\" alt='' title='IMG_1278'  height=\"750\" width=\"1000\"  itemprop=\"thumbnailUrl\" srcset=\"https:\/\/www.roquecombe.com\/wp-content\/uploads\/2019\/10\/IMG_1278.jpg 1000w, https:\/\/www.roquecombe.com\/wp-content\/uploads\/2019\/10\/IMG_1278-300x225.jpg 300w, https:\/\/www.roquecombe.com\/wp-content\/uploads\/2019\/10\/IMG_1278-768x576.jpg 768w, https:\/\/www.roquecombe.com\/wp-content\/uploads\/2019\/10\/IMG_1278-705x529.jpg 705w\" sizes=\"(max-width: 1000px) 100vw, 1000px\" \/><\/div><\/div><\/div><\/p><\/div>\n<style type=\"text\/css\" data-created_by=\"avia_inline_auto\" id=\"style-css-av-k24lyurf-7189187ec5541d508b2901ec4c2e850c\">\n#top .hr.hr-invisible.av-k24lyurf-7189187ec5541d508b2901ec4c2e850c{\nheight:20px;\n}\n<\/style>\n<div  class='hr av-k24lyurf-7189187ec5541d508b2901ec4c2e850c hr-invisible  avia-builder-el-5  el_after_av_one_full  avia-builder-el-last '><span class='hr-inner '><span class=\"hr-inner-style\"><\/span><\/span><\/div><\/p>\n","protected":false},"excerpt":{"rendered":"","protected":false},"author":1,"featured_media":0,"parent":0,"menu_order":0,"comment_status":"closed","ping_status":"closed","template":"","meta":{"footnotes":""},"class_list":["post-2213","page","type-page","status-publish","hentry"],"_links":{"self":[{"href":"https:\/\/www.roquecombe.com\/de\/wp-json\/wp\/v2\/pages\/2213","targetHints":{"allow":["GET"]}}],"collection":[{"href":"https:\/\/www.roquecombe.com\/de\/wp-json\/wp\/v2\/pages"}],"about":[{"href":"https:\/\/www.roquecombe.com\/de\/wp-json\/wp\/v2\/types\/page"}],"author":[{"embeddable":true,"href":"https:\/\/www.roquecombe.com\/de\/wp-json\/wp\/v2\/users\/1"}],"replies":[{"embeddable":true,"href":"https:\/\/www.roquecombe.com\/de\/wp-json\/wp\/v2\/comments?post=2213"}],"version-history":[{"count":0,"href":"https:\/\/www.roquecombe.com\/de\/wp-json\/wp\/v2\/pages\/2213\/revisions"}],"wp:attachment":[{"href":"https:\/\/www.roquecombe.com\/de\/wp-json\/wp\/v2\/media?parent=2213"}],"curies":[{"name":"wp","href":"https:\/\/api.w.org\/{rel}","templated":true}]}}